{"id":21164,"date":"2024-06-11T19:34:28","date_gmt":"2024-06-11T18:34:28","guid":{"rendered":"https:\/\/widora.it\/?post_type=product&#038;p=21164"},"modified":"2024-06-11T19:36:32","modified_gmt":"2024-06-11T18:36:32","slug":"bubble-gum-2g","status":"publish","type":"product","link":"https:\/\/widora.it\/fr\/prodotto\/bubble-gum-2g\/","title":{"rendered":"Bubble Gum &#8211; 2g"},"content":{"rendered":"<p><em>\u00ab\u00a0R\u00e9veillez votre douceur int\u00e9rieure\u00a0\u00bb<\/em><\/p>\n<p>Bubble Gum CBD est une vari\u00e9t\u00e9 l\u00e9gale de cannabis caract\u00e9ris\u00e9e par des bourgeons d&rsquo;un vert \u00e9clatant recouverts d&rsquo;une g\u00e9n\u00e9reuse couche de trichomes \u00e9tincelants. Cette vari\u00e9t\u00e9 offre un soulagement apaisant pour ceux qui recherchent un moment de d\u00e9tente sans compromettre la clart\u00e9 mentale. Son ar\u00f4me doux et fruit\u00e9, avec des notes de fraise et de bonbon, se m\u00eale harmonieusement \u00e0 sa saveur douce et ronde, offrant une exp\u00e9rience gustative vraiment unique.<\/p>\n<p><strong>Origine de la vari\u00e9t\u00e9 CBD:<\/strong><br \/>\nLe Bubble Gum CBD est issu d&rsquo;un savant m\u00e9lange de vari\u00e9t\u00e9s s\u00e9lectionn\u00e9es, dans le but de cr\u00e9er un \u00e9quilibre parfait entre douceur et d\u00e9tente. Le croisement de vari\u00e9t\u00e9s classiques a permis d&rsquo;obtenir une combinaison unique de profils aromatiques et de bienfaits pour la sant\u00e9, offrant un soulagement naturel et agr\u00e9able.<\/p>\n<p>D\u00e9couvrez la douceur de Bubble Gum CBD et laissez-vous envelopper par une exp\u00e9rience relaxante et satisfaisante, parfaite pour renouer avec votre douceur int\u00e9rieure.<\/p>\n","protected":false},"excerpt":{"rendered":"<p>\u00ab\u00a0R\u00e9veillez votre douceur int\u00e9rieure\u00a0\u00bb Bubble Gum CBD est une vari\u00e9t\u00e9  [&#8230;]<\/p>\n","protected":false},"featured_media":21146,"template":"","meta":{"_acf_changed":false},"product_brand":[],"product_cat":[89],"product_tag":[],"class_list":{"0":"post-21164","1":"product","2":"type-product","3":"status-publish","4":"has-post-thumbnail","6":"product_cat-cannabis-light-fr","8":"first","9":"instock","10":"taxable","11":"shipping-taxable","12":"product-type-variable"},"acf":{"tipo_set":"2"},"_links":{"self":[{"href":"https:\/\/widora.it\/fr\/wp-json\/wp\/v2\/product\/21164","targetHints":{"allow":["GET"]}}],"collection":[{"href":"https:\/\/widora.it\/fr\/wp-json\/wp\/v2\/product"}],"about":[{"href":"https:\/\/widora.it\/fr\/wp-json\/wp\/v2\/types\/product"}],"wp:featuredmedia":[{"embeddable":true,"href":"https:\/\/widora.it\/fr\/wp-json\/wp\/v2\/media\/21146"}],"wp:attachment":[{"href":"https:\/\/widora.it\/fr\/wp-json\/wp\/v2\/media?parent=21164"}],"wp:term":[{"taxonomy":"product_brand","embeddable":true,"href":"https:\/\/widora.it\/fr\/wp-json\/wp\/v2\/product_brand?post=21164"},{"taxonomy":"product_cat","embeddable":true,"href":"https:\/\/widora.it\/fr\/wp-json\/wp\/v2\/product_cat?post=21164"},{"taxonomy":"product_tag","embeddable":true,"href":"https:\/\/widora.it\/fr\/wp-json\/wp\/v2\/product_tag?post=21164"}],"curies":[{"name":"wp","href":"https:\/\/api.w.org\/{rel}","templated":true}]}}