{"id":21070,"date":"2024-05-15T09:16:05","date_gmt":"2024-05-15T08:16:05","guid":{"rendered":"https:\/\/widora.it\/?post_type=product&#038;p=21070"},"modified":"2024-06-11T19:54:57","modified_gmt":"2024-06-11T18:54:57","slug":"set-5-herbes-cbd-10g","status":"publish","type":"product","link":"https:\/\/widora.it\/fr\/prodotto\/set-5-herbes-cbd-10g\/","title":{"rendered":"Set 5 Herbes CBD &#8211; 10g"},"content":{"rendered":"<p>Ensemble complet de la s\u00e9lection d&rsquo;herbes CBD de Widora, \u00e0 l&rsquo;int\u00e9rieur vous trouverez 1 sachet des vari\u00e9t\u00e9s suivantes : Bubble Gum (serre), Amnesia (serre), Blue Dragon (serre), Cannatonic (int\u00e9rieur) et Gelato (int\u00e9rieur).<\/p>\n<p>Un ensemble con\u00e7u pour les pros, qui veulent non seulement essayer toutes nos m\u00e9thodes de culture, mais aussi avoir un aper\u00e7u complet de notre s\u00e9lection de Cannabis Light.<\/p>\n<p><strong>Les vari\u00e9t\u00e9s de l\u2019ensemble:<\/strong><\/p>\n<p><strong>Bubble Gum<\/strong>: se caract\u00e9rise par un ar\u00f4me doux et fruit\u00e9 rappelant le chewing-gum. La saveur est douce et agr\u00e9able, avec de l\u00e9g\u00e8res notes de baies et de fruits. Il est connu pour ses effets calmants et relaxants, parfaits pour ceux qui cherchent \u00e0 soulager l&rsquo;anxi\u00e9t\u00e9 et le stress.<\/p>\n<p><strong>Amnesia<\/strong>: Il a un parfum fort et intense, qui rappelle beaucoup le fromage. Son go\u00fbt est l\u00e9g\u00e8rement acidul\u00e9 et, justement, \u00ab\u00a0fromageux\u00a0\u00bb. Elle a des effets relaxants et calmants et est recommand\u00e9e aux personnes souffrant de maux d\u2019estomac.<\/p>\n<p><strong>Blue Dragon<\/strong>: c\u2019est une vari\u00e9t\u00e9 qui aide \u00e0 lutter contre les rhumatismes et qui est parfaite pour les personnes souffrant de SPM. Elle sent les baies douces et les myrtilles, des parfums que l\u2019on retrouve aussi dans le go\u00fbt, sucr\u00e9 et o\u00f9 la myrtille est pr\u00e9dominante.<\/p>\n<p><strong>Cannatonic<\/strong>: c\u2019est une vari\u00e9t\u00e9 qui aide \u00e0 lutter contre les rhumatismes et qui est parfaite pour les personnes souffrant de SPM. Elle sent les baies douces et les myrtilles, des parfums que l\u2019on retrouve aussi dans le go\u00fbt, sucr\u00e9 et o\u00f9 la myrtille est pr\u00e9dominante.<\/p>\n<p><strong>Gelato<\/strong>: c\u2019est la vari\u00e9t\u00e9 parfaite pour ceux qui cherchent \u00e0 se d\u00e9tendre, cultiv\u00e9e en int\u00e9rieur pour am\u00e9liorer au mieux la saveur et l\u2019odeur d\u2019agrumes au citron, typiques de cette vari\u00e9t\u00e9.<\/p>\n<p>Les sachets sont de 2gr.<\/p>\n","protected":false},"excerpt":{"rendered":"<p>Ensemble complet de la s\u00e9lection d&rsquo;herbes CBD de Widora, \u00e0  [&#8230;]<\/p>\n","protected":false},"featured_media":21172,"template":"","meta":{"_acf_changed":false},"product_brand":[],"product_cat":[95,89,97],"product_tag":[],"class_list":{"0":"post-21070","1":"product","2":"type-product","3":"status-publish","4":"has-post-thumbnail","6":"product_cat-best-sellers","7":"product_cat-cannabis-light-fr","8":"product_cat-paquets-depargne","10":"first","11":"instock","12":"sold-individually","13":"taxable","14":"shipping-taxable","15":"product-type-variable"},"acf":{"tipo_set":"10"},"_links":{"self":[{"href":"https:\/\/widora.it\/fr\/wp-json\/wp\/v2\/product\/21070","targetHints":{"allow":["GET"]}}],"collection":[{"href":"https:\/\/widora.it\/fr\/wp-json\/wp\/v2\/product"}],"about":[{"href":"https:\/\/widora.it\/fr\/wp-json\/wp\/v2\/types\/product"}],"wp:featuredmedia":[{"embeddable":true,"href":"https:\/\/widora.it\/fr\/wp-json\/wp\/v2\/media\/21172"}],"wp:attachment":[{"href":"https:\/\/widora.it\/fr\/wp-json\/wp\/v2\/media?parent=21070"}],"wp:term":[{"taxonomy":"product_brand","embeddable":true,"href":"https:\/\/widora.it\/fr\/wp-json\/wp\/v2\/product_brand?post=21070"},{"taxonomy":"product_cat","embeddable":true,"href":"https:\/\/widora.it\/fr\/wp-json\/wp\/v2\/product_cat?post=21070"},{"taxonomy":"product_tag","embeddable":true,"href":"https:\/\/widora.it\/fr\/wp-json\/wp\/v2\/product_tag?post=21070"}],"curies":[{"name":"wp","href":"https:\/\/api.w.org\/{rel}","templated":true}]}}