{"id":21045,"date":"2024-05-15T08:19:10","date_gmt":"2024-05-15T07:19:10","guid":{"rendered":"https:\/\/widora.it\/?post_type=product&#038;p=21045"},"modified":"2024-06-11T20:39:44","modified_gmt":"2024-06-11T19:39:44","slug":"set-3-herbes-cbd-3-6g","status":"publish","type":"product","link":"https:\/\/widora.it\/fr\/prodotto\/set-3-herbes-cbd-3-6g\/","title":{"rendered":"Set 3 Herbes CBD 3 &#8211; 6g"},"content":{"rendered":"<p>Set de 3 herbes CBD de vari\u00e9t\u00e9s Widora, \u00e0 l&rsquo;int\u00e9rieur vous trouverez 1 sachet des vari\u00e9t\u00e9s suivantes : Amnesia (serre), Bubble Gum (serre), Elephant hash (haschisch).<\/p>\n<p>Ensemble parfait pour conna\u00eetre les herbes de Widora, en essayant toutes nos m\u00e9thodes de culture, et appr\u00e9cier les diff\u00e9rentes qualit\u00e9s de Cannabis light disponibles.<\/p>\n<p><strong>Amnesia<\/strong>: a un effet \u00e9nergisant, typique des Sativas. Utile pour ceux qui cherchent \u00e0 combattre les changements d\u2019humeur et le stress. Il a un parfum piquant, d\u2019agrumes avec de l\u00e9g\u00e8res nuances florales. Le go\u00fbt est terreux avec des notes de citron.<\/p>\n<p><strong>Bubble Gum<\/strong>: se caract\u00e9rise par un ar\u00f4me doux et fruit\u00e9 rappelant le chewing-gum. La saveur est douce et agr\u00e9able, avec de l\u00e9g\u00e8res notes de baies et de fruits. Il est connu pour ses effets calmants et relaxants, parfaits pour ceux qui cherchent \u00e0 soulager l&rsquo;anxi\u00e9t\u00e9 et le stress.<\/p>\n<p><strong>Elephant hash<\/strong>: a un ar\u00f4me terreux et \u00e9pic\u00e9, avec des notes subtiles de bois et de poivre. La saveur est robuste et l\u00e9g\u00e8rement \u00e9pic\u00e9e, avec un arri\u00e8re-go\u00fbt fum\u00e9. Elle est connue pour ses effets profond\u00e9ment relaxants et s\u00e9datifs, id\u00e9aux pour soulager la douleur et favoriser le sommeil. Elle se caract\u00e9rise par des pourcentages \u00e9lev\u00e9s de CBD (&lt; 25 %) et de CBG (&lt; 22 %).<\/p>\n<p>Les sachets sont de 2gr.<\/p>\n","protected":false},"excerpt":{"rendered":"<p>Set de 3 herbes CBD de vari\u00e9t\u00e9s Widora, \u00e0 l&rsquo;int\u00e9rieur  [&#8230;]<\/p>\n","protected":false},"featured_media":21184,"template":"","meta":{"_acf_changed":false},"product_brand":[],"product_cat":[95,89,97],"product_tag":[],"class_list":{"0":"post-21045","1":"product","2":"type-product","3":"status-publish","4":"has-post-thumbnail","6":"product_cat-best-sellers","7":"product_cat-cannabis-light-fr","8":"product_cat-paquets-depargne","10":"first","11":"instock","12":"sold-individually","13":"taxable","14":"shipping-taxable","15":"product-type-variable"},"acf":{"tipo_set":"6"},"_links":{"self":[{"href":"https:\/\/widora.it\/fr\/wp-json\/wp\/v2\/product\/21045","targetHints":{"allow":["GET"]}}],"collection":[{"href":"https:\/\/widora.it\/fr\/wp-json\/wp\/v2\/product"}],"about":[{"href":"https:\/\/widora.it\/fr\/wp-json\/wp\/v2\/types\/product"}],"wp:featuredmedia":[{"embeddable":true,"href":"https:\/\/widora.it\/fr\/wp-json\/wp\/v2\/media\/21184"}],"wp:attachment":[{"href":"https:\/\/widora.it\/fr\/wp-json\/wp\/v2\/media?parent=21045"}],"wp:term":[{"taxonomy":"product_brand","embeddable":true,"href":"https:\/\/widora.it\/fr\/wp-json\/wp\/v2\/product_brand?post=21045"},{"taxonomy":"product_cat","embeddable":true,"href":"https:\/\/widora.it\/fr\/wp-json\/wp\/v2\/product_cat?post=21045"},{"taxonomy":"product_tag","embeddable":true,"href":"https:\/\/widora.it\/fr\/wp-json\/wp\/v2\/product_tag?post=21045"}],"curies":[{"name":"wp","href":"https:\/\/api.w.org\/{rel}","templated":true}]}}