{"id":21020,"date":"2024-05-15T08:16:17","date_gmt":"2024-05-15T07:16:17","guid":{"rendered":"https:\/\/widora.it\/?post_type=product&#038;p=21020"},"modified":"2024-06-11T20:28:58","modified_gmt":"2024-06-11T19:28:58","slug":"set-3-herbes-cbd-2-6g","status":"publish","type":"product","link":"https:\/\/widora.it\/fr\/prodotto\/set-3-herbes-cbd-2-6g\/","title":{"rendered":"Set 3 Herbes CBD 2 &#8211; 6g"},"content":{"rendered":"<p>Set de 3 herbes CBD de vari\u00e9t\u00e9s Widora, \u00e0 l&rsquo;int\u00e9rieur vous trouverez 1 sachet des vari\u00e9t\u00e9s suivantes : Gelato (serre), Bubble Gum (serre), Blue Dragon (serre).<\/p>\n<p>Ensemble parfait pour conna\u00eetre les herbes de Widora, en essayant toutes nos m\u00e9thodes de culture, et appr\u00e9cier les diff\u00e9rentes qualit\u00e9s de Cannabis light disponibles.<\/p>\n<p><strong>Gelato<\/strong>: a un ar\u00f4me doux et cr\u00e9meux, avec des notes de vanille et d&rsquo;agrumes. La saveur est riche et velout\u00e9e, avec un \u00e9quilibre parfait entre douceur et fra\u00eecheur. Les effets sont relaxants et l\u00e9g\u00e8rement euphoriques, id\u00e9aux pour soulager le stress et am\u00e9liorer l&rsquo;humeur.<\/p>\n<p><strong>Bubble Gum<\/strong>: se caract\u00e9rise par un ar\u00f4me doux et fruit\u00e9 rappelant le chewing-gum. La saveur est douce et agr\u00e9able, avec de l\u00e9g\u00e8res notes de baies et de fruits. Il est connu pour ses effets calmants et relaxants, parfaits pour ceux qui cherchent \u00e0 soulager l&rsquo;anxi\u00e9t\u00e9 et le stress.<\/p>\n<p><strong>Blue Dragon<\/strong>: a un ar\u00f4me intense et complexe, avec des notes de baies sucr\u00e9es et d&rsquo;\u00e9pices. La saveur est riche et terreuse, avec un arri\u00e8re-go\u00fbt de baies sucr\u00e9es. Les effets sont \u00e9quilibr\u00e9s, offrant une sensation de relaxation et une l\u00e9g\u00e8re euphorie, id\u00e9ale pour la cr\u00e9ativit\u00e9 et le soulagement de la douleur.<\/p>\n<p>Les sachets sont de 2gr.<\/p>\n","protected":false},"excerpt":{"rendered":"<p>Set de 3 herbes CBD de vari\u00e9t\u00e9s Widora, \u00e0 l&rsquo;int\u00e9rieur  [&#8230;]<\/p>\n","protected":false},"featured_media":21180,"template":"","meta":{"_acf_changed":false},"product_brand":[],"product_cat":[89,95,97],"product_tag":[],"class_list":{"0":"post-21020","1":"product","2":"type-product","3":"status-publish","4":"has-post-thumbnail","6":"product_cat-cannabis-light-fr","7":"product_cat-best-sellers","8":"product_cat-paquets-depargne","10":"first","11":"instock","12":"sold-individually","13":"taxable","14":"shipping-taxable","15":"product-type-variable"},"acf":{"tipo_set":"6"},"_links":{"self":[{"href":"https:\/\/widora.it\/fr\/wp-json\/wp\/v2\/product\/21020","targetHints":{"allow":["GET"]}}],"collection":[{"href":"https:\/\/widora.it\/fr\/wp-json\/wp\/v2\/product"}],"about":[{"href":"https:\/\/widora.it\/fr\/wp-json\/wp\/v2\/types\/product"}],"wp:featuredmedia":[{"embeddable":true,"href":"https:\/\/widora.it\/fr\/wp-json\/wp\/v2\/media\/21180"}],"wp:attachment":[{"href":"https:\/\/widora.it\/fr\/wp-json\/wp\/v2\/media?parent=21020"}],"wp:term":[{"taxonomy":"product_brand","embeddable":true,"href":"https:\/\/widora.it\/fr\/wp-json\/wp\/v2\/product_brand?post=21020"},{"taxonomy":"product_cat","embeddable":true,"href":"https:\/\/widora.it\/fr\/wp-json\/wp\/v2\/product_cat?post=21020"},{"taxonomy":"product_tag","embeddable":true,"href":"https:\/\/widora.it\/fr\/wp-json\/wp\/v2\/product_tag?post=21020"}],"curies":[{"name":"wp","href":"https:\/\/api.w.org\/{rel}","templated":true}]}}