{"id":20995,"date":"2024-05-15T08:09:28","date_gmt":"2024-05-15T07:09:28","guid":{"rendered":"https:\/\/widora.it\/?post_type=product&#038;p=20995"},"modified":"2024-06-11T20:17:55","modified_gmt":"2024-06-11T19:17:55","slug":"set-3-herbes-cbd-1-6g","status":"publish","type":"product","link":"https:\/\/widora.it\/fr\/prodotto\/set-3-herbes-cbd-1-6g\/","title":{"rendered":"Set 3 Herbes CBD 1 &#8211; 6g"},"content":{"rendered":"<p>Set de 3 herbes CBD de vari\u00e9t\u00e9s Widora, \u00e0 l&rsquo;int\u00e9rieur vous trouverez 1 sachet des vari\u00e9t\u00e9s suivantes : Lemon Haze (serre), Amnesia (serre), Cannatonic (int\u00e9rieur).<\/p>\n<p>Ensemble parfait pour conna\u00eetre les herbes de Widora, en essayant toutes nos m\u00e9thodes de culture, et appr\u00e9cier les diff\u00e9rentes qualit\u00e9s de Cannabis light disponibles.<\/p>\n<p><strong>Lemon Haze<\/strong>: a un ar\u00f4me frais et vif avec des notes prononc\u00e9es de citron et d&rsquo;agrumes. Sa saveur est citronn\u00e9e, avec un arri\u00e8re-go\u00fbt doux et rafra\u00eechissant. Elle est connue pour ses effets stimulants et euphorisants, excellents pour am\u00e9liorer l&rsquo;humeur et augmenter l&rsquo;\u00e9nergie.<\/p>\n<p><strong>Amnesia<\/strong>: a un effet \u00e9nergisant, typique des Sativas. Utile pour ceux qui cherchent \u00e0 combattre les changements d\u2019humeur et le stress. Il a un parfum piquant, d\u2019agrumes avec de l\u00e9g\u00e8res nuances florales. Le go\u00fbt est terreux avec des notes de citron.<\/p>\n<p><strong>Cannatonic<\/strong>: a un fort effet relaxant, est recommand\u00e9 pour ceux qui souffrent de stress, de maux de t\u00eate et aide \u00e9galement ceux qui ont des spasmes et\/ou des douleurs musculaires. L\u2019odeur est l\u00e9g\u00e8rement terreuse et le go\u00fbt est doux, un peu agrum\u00e9, avec des notes fruit\u00e9es.<\/p>\n<p>Les sachets sont de 2gr.<\/p>\n","protected":false},"excerpt":{"rendered":"<p>Set de 3 herbes CBD de vari\u00e9t\u00e9s Widora, \u00e0 l&rsquo;int\u00e9rieur  [&#8230;]<\/p>\n","protected":false},"featured_media":21176,"template":"","meta":{"_acf_changed":false},"product_brand":[],"product_cat":[95,89,97],"product_tag":[],"class_list":{"0":"post-20995","1":"product","2":"type-product","3":"status-publish","4":"has-post-thumbnail","6":"product_cat-best-sellers","7":"product_cat-cannabis-light-fr","8":"product_cat-paquets-depargne","10":"first","11":"instock","12":"sold-individually","13":"taxable","14":"shipping-taxable","15":"product-type-variable"},"acf":{"tipo_set":"6"},"_links":{"self":[{"href":"https:\/\/widora.it\/fr\/wp-json\/wp\/v2\/product\/20995","targetHints":{"allow":["GET"]}}],"collection":[{"href":"https:\/\/widora.it\/fr\/wp-json\/wp\/v2\/product"}],"about":[{"href":"https:\/\/widora.it\/fr\/wp-json\/wp\/v2\/types\/product"}],"wp:featuredmedia":[{"embeddable":true,"href":"https:\/\/widora.it\/fr\/wp-json\/wp\/v2\/media\/21176"}],"wp:attachment":[{"href":"https:\/\/widora.it\/fr\/wp-json\/wp\/v2\/media?parent=20995"}],"wp:term":[{"taxonomy":"product_brand","embeddable":true,"href":"https:\/\/widora.it\/fr\/wp-json\/wp\/v2\/product_brand?post=20995"},{"taxonomy":"product_cat","embeddable":true,"href":"https:\/\/widora.it\/fr\/wp-json\/wp\/v2\/product_cat?post=20995"},{"taxonomy":"product_tag","embeddable":true,"href":"https:\/\/widora.it\/fr\/wp-json\/wp\/v2\/product_tag?post=20995"}],"curies":[{"name":"wp","href":"https:\/\/api.w.org\/{rel}","templated":true}]}}