{"id":20852,"date":"2024-04-10T20:18:11","date_gmt":"2024-04-10T19:18:11","guid":{"rendered":"https:\/\/widora.it\/?post_type=product&#038;p=20852"},"modified":"2024-05-31T10:49:29","modified_gmt":"2024-05-31T09:49:29","slug":"lemon-haze-2g","status":"publish","type":"product","link":"https:\/\/widora.it\/fr\/prodotto\/lemon-haze-2g\/","title":{"rendered":"Lemon Haze &#8211; 2g"},"content":{"rendered":"<p><em>\u00ab\u00a0D\u00e9couvrez votre c\u00f4t\u00e9 p\u00e9tillant\u00a0\u00bb<\/em><\/p>\n<p>Lemon Haze CBD est une vari\u00e9t\u00e9 l\u00e9gale de cannabis \u00e0 la personnalit\u00e9 vibrante et lumineuse. Les bourgeons d&rsquo;un vert \u00e9clatant d\u00e9gagent de l&rsquo;\u00e9nergie et de la vitalit\u00e9, tandis que les trichomes cristallins leur conf\u00e8rent une apparence \u00e9tincelante. Cette vari\u00e9t\u00e9 est un choix id\u00e9al pour ceux qui souhaitent affronter la journ\u00e9e avec un regain de fra\u00eecheur et de clart\u00e9 mentale..<\/p>\n<p><strong>Origine de la vari\u00e9t\u00e9 CBD:<\/strong><\/p>\n<p>La Lemon Haze CBD a \u00e9t\u00e9 cr\u00e9\u00e9e en croisant des vari\u00e9t\u00e9s s\u00e9lectionn\u00e9es dans le but de capturer l&rsquo;essence vive et p\u00e9tillante du citron. Gr\u00e2ce \u00e0 une combinaison g\u00e9n\u00e9tique soigneusement \u00e9quilibr\u00e9e, cette vari\u00e9t\u00e9 offre un ar\u00f4me et une saveur d&rsquo;agrumes distinctifs, \u00e9voquant la fra\u00eecheur et l&rsquo;\u00e9clat d&rsquo;un limoncello fra\u00eechement press\u00e9.<\/p>\n<p>Plongez dans l&rsquo;exp\u00e9rience rafra\u00eechissante de la Lemon Haze CBD et laissez-vous transporter par l&rsquo;\u00e9nergie positive et l&rsquo;optimisme de cette vari\u00e9t\u00e9. R\u00e9veillez votre c\u00f4t\u00e9 p\u00e9tillant et affrontez la journ\u00e9e avec vitalit\u00e9 et vigueur.<\/p>\n<p><strong><\/strong>.<\/p>\n","protected":false},"excerpt":{"rendered":"<p><br data-mce-bogus=\"1\"><\/p>\n","protected":false},"featured_media":21130,"template":"","meta":{"_acf_changed":false},"product_brand":[],"product_cat":[89,95],"product_tag":[],"class_list":{"0":"post-20852","1":"product","2":"type-product","3":"status-publish","4":"has-post-thumbnail","6":"product_cat-cannabis-light-fr","7":"product_cat-best-sellers","9":"first","10":"instock","11":"taxable","12":"shipping-taxable","13":"product-type-variable"},"acf":{"tipo_set":"2"},"_links":{"self":[{"href":"https:\/\/widora.it\/fr\/wp-json\/wp\/v2\/product\/20852","targetHints":{"allow":["GET"]}}],"collection":[{"href":"https:\/\/widora.it\/fr\/wp-json\/wp\/v2\/product"}],"about":[{"href":"https:\/\/widora.it\/fr\/wp-json\/wp\/v2\/types\/product"}],"wp:featuredmedia":[{"embeddable":true,"href":"https:\/\/widora.it\/fr\/wp-json\/wp\/v2\/media\/21130"}],"wp:attachment":[{"href":"https:\/\/widora.it\/fr\/wp-json\/wp\/v2\/media?parent=20852"}],"wp:term":[{"taxonomy":"product_brand","embeddable":true,"href":"https:\/\/widora.it\/fr\/wp-json\/wp\/v2\/product_brand?post=20852"},{"taxonomy":"product_cat","embeddable":true,"href":"https:\/\/widora.it\/fr\/wp-json\/wp\/v2\/product_cat?post=20852"},{"taxonomy":"product_tag","embeddable":true,"href":"https:\/\/widora.it\/fr\/wp-json\/wp\/v2\/product_tag?post=20852"}],"curies":[{"name":"wp","href":"https:\/\/api.w.org\/{rel}","templated":true}]}}