{"id":20253,"date":"2022-08-14T15:56:29","date_gmt":"2022-08-14T14:56:29","guid":{"rendered":"https:\/\/widora.it\/prodotto\/gelato-2g\/"},"modified":"2022-08-14T15:56:29","modified_gmt":"2022-08-14T14:56:29","slug":"gelato-2g","status":"publish","type":"product","link":"https:\/\/widora.it\/fr\/prodotto\/gelato-2g\/","title":{"rendered":"Gelato &#8211; 2g"},"content":{"rendered":"<p><em>\u201cLib\u00e9rez votre cerveau, d\u00e9tendez-vous \u00e0 votre go\u00fbt\u201d<\/em><\/p>\n<p>La Gelato CBD est la vari\u00e9t\u00e9 parfaite pour ceux qui cherchent \u00e0 se d\u00e9tendre,<\/p>\n<p><strong>Origine de la souche au THC:<\/strong><br \/>\nLe cannabis light Gelato est un croisement entre Sunset Sherbert et Cookies. Il est aussi appel\u00e9 Larry Barry ou Gelato #42. Cet hybride est un excellent \u00e9quilibre entre indica et sativa qui fait que cette vari\u00e9t\u00e9 produit des effets euphoriques accompagn\u00e9s d\u2019un fort sentiment de relaxation: tandis que le corps est d\u00e9tendu et \u00ab\u00a0lourd\u00a0\u00bb, l\u2019esprit est actif et productif.<\/p>\n","protected":false},"excerpt":{"rendered":"<p>\u201cLib\u00e9rez votre cerveau, d\u00e9tendez-vous \u00e0 votre go\u00fbt\u201d La Gelato CBD  [&#8230;]<\/p>\n","protected":false},"featured_media":21094,"template":"","meta":{"_acf_changed":false},"product_brand":[],"product_cat":[95,89],"product_tag":[],"class_list":{"0":"post-20253","1":"product","2":"type-product","3":"status-publish","4":"has-post-thumbnail","6":"product_cat-best-sellers","7":"product_cat-cannabis-light-fr","9":"first","10":"instock","11":"taxable","12":"shipping-taxable","13":"product-type-variable"},"acf":{"tipo_set":"2"},"_links":{"self":[{"href":"https:\/\/widora.it\/fr\/wp-json\/wp\/v2\/product\/20253","targetHints":{"allow":["GET"]}}],"collection":[{"href":"https:\/\/widora.it\/fr\/wp-json\/wp\/v2\/product"}],"about":[{"href":"https:\/\/widora.it\/fr\/wp-json\/wp\/v2\/types\/product"}],"wp:featuredmedia":[{"embeddable":true,"href":"https:\/\/widora.it\/fr\/wp-json\/wp\/v2\/media\/21094"}],"wp:attachment":[{"href":"https:\/\/widora.it\/fr\/wp-json\/wp\/v2\/media?parent=20253"}],"wp:term":[{"taxonomy":"product_brand","embeddable":true,"href":"https:\/\/widora.it\/fr\/wp-json\/wp\/v2\/product_brand?post=20253"},{"taxonomy":"product_cat","embeddable":true,"href":"https:\/\/widora.it\/fr\/wp-json\/wp\/v2\/product_cat?post=20253"},{"taxonomy":"product_tag","embeddable":true,"href":"https:\/\/widora.it\/fr\/wp-json\/wp\/v2\/product_tag?post=20253"}],"curies":[{"name":"wp","href":"https:\/\/api.w.org\/{rel}","templated":true}]}}