{"id":20247,"date":"2022-02-07T17:01:59","date_gmt":"2022-02-07T16:01:59","guid":{"rendered":"https:\/\/widora.it\/prodotto\/elephant-hash\/"},"modified":"2022-02-07T17:01:59","modified_gmt":"2022-02-07T16:01:59","slug":"elephant-hash","status":"publish","type":"product","link":"https:\/\/widora.it\/fr\/prodotto\/elephant-hash\/","title":{"rendered":"Elephant Hash &#8211; 3g"},"content":{"rendered":"<p><em>La fum\u00e9e qui te fera voler jusqu\u2019en Inde<\/em><\/p>\n<p>L\u2019Elephant Hash est une herbe \u00e0 fumer de cr\u00e9ation et de production exclusive Hempati. C\u2019est un juste milieu entre un pollen et un Charas, de sorte que la texture n\u2019est pas aussi douce qu\u2019un Charas mais reste mall\u00e9able et \u00e9drumable sans avoir \u00e0 recourir \u00e0 un briquet. L\u2019ar\u00f4me est intense et enveloppant.<\/p>\n","protected":false},"excerpt":{"rendered":"<p>La fum\u00e9e qui te fera voler jusqu\u2019en Inde L\u2019Elephant Hash  [&#8230;]<\/p>\n","protected":false},"featured_media":19988,"template":"","meta":{"_acf_changed":false},"product_brand":[],"product_cat":[89,96],"product_tag":[],"class_list":{"0":"post-20247","1":"product","2":"type-product","3":"status-publish","4":"has-post-thumbnail","6":"product_cat-cannabis-light-fr","7":"product_cat-hempati-fr","9":"first","10":"instock","11":"taxable","12":"shipping-taxable","13":"product-type-variable"},"acf":{"tipo_set":"3"},"_links":{"self":[{"href":"https:\/\/widora.it\/fr\/wp-json\/wp\/v2\/product\/20247","targetHints":{"allow":["GET"]}}],"collection":[{"href":"https:\/\/widora.it\/fr\/wp-json\/wp\/v2\/product"}],"about":[{"href":"https:\/\/widora.it\/fr\/wp-json\/wp\/v2\/types\/product"}],"wp:featuredmedia":[{"embeddable":true,"href":"https:\/\/widora.it\/fr\/wp-json\/wp\/v2\/media\/19988"}],"wp:attachment":[{"href":"https:\/\/widora.it\/fr\/wp-json\/wp\/v2\/media?parent=20247"}],"wp:term":[{"taxonomy":"product_brand","embeddable":true,"href":"https:\/\/widora.it\/fr\/wp-json\/wp\/v2\/product_brand?post=20247"},{"taxonomy":"product_cat","embeddable":true,"href":"https:\/\/widora.it\/fr\/wp-json\/wp\/v2\/product_cat?post=20247"},{"taxonomy":"product_tag","embeddable":true,"href":"https:\/\/widora.it\/fr\/wp-json\/wp\/v2\/product_tag?post=20247"}],"curies":[{"name":"wp","href":"https:\/\/api.w.org\/{rel}","templated":true}]}}