{"id":20235,"date":"2022-08-14T16:04:00","date_gmt":"2022-08-14T15:04:00","guid":{"rendered":"https:\/\/widora.it\/prodotto\/cannatonic-2g\/"},"modified":"2022-08-14T16:04:00","modified_gmt":"2022-08-14T15:04:00","slug":"cannatonic-2g","status":"publish","type":"product","link":"https:\/\/widora.it\/fr\/prodotto\/cannatonic-2g\/","title":{"rendered":"Cannatonic &#8211; 2g"},"content":{"rendered":"<p><em>\u201cId\u00e9al lors d\u2019un ap\u00e9ritif entre amis\u201d<\/em><\/p>\n<p>Cannatonic CBD est la vari\u00e9t\u00e9 avec les niveaux de CBD les plus \u00e9lev\u00e9s\u00a0: elle a donc un fort effet relaxant, elle est recommand\u00e9e pour ceux qui souffrent de stress, de maux de t\u00eate et aide aussi ceux qui ont des spasmes et\/ou des douleurs musculaires. L\u2019odeur est l\u00e9g\u00e8rement terreuse et le go\u00fbt est doux, un peu agrum\u00e9, avec des notes de fruits.<\/p>\n<p><strong>Origine de la souche au THC:<\/strong><br \/>\n\u00c0 l\u2019origine, la vari\u00e9t\u00e9 au THC est d\u00e9j\u00e0 une vari\u00e9t\u00e9 \u00e0 dominante CBD, obtenue en croisant MK Ultra et G13 Haze. C\u2019est une vari\u00e9t\u00e9 \u00e0 dominante indica, qui donne un grand effet relaxant et apaisant. La version l\u00e9gale de Cannatonic Cannabis light est faite \u00e0 partir de la XXX, choisie pour la ressemblance au go\u00fbt et \u00e0 la vue.<\/p>\n","protected":false},"excerpt":{"rendered":"<p>\u201cId\u00e9al lors d\u2019un ap\u00e9ritif entre amis\u201d Cannatonic CBD est la  [&#8230;]<\/p>\n","protected":false},"featured_media":21122,"template":"","meta":{"_acf_changed":false},"product_brand":[],"product_cat":[95,89],"product_tag":[],"class_list":{"0":"post-20235","1":"product","2":"type-product","3":"status-publish","4":"has-post-thumbnail","6":"product_cat-best-sellers","7":"product_cat-cannabis-light-fr","9":"first","10":"instock","11":"taxable","12":"shipping-taxable","13":"product-type-variable"},"acf":{"tipo_set":"2"},"_links":{"self":[{"href":"https:\/\/widora.it\/fr\/wp-json\/wp\/v2\/product\/20235","targetHints":{"allow":["GET"]}}],"collection":[{"href":"https:\/\/widora.it\/fr\/wp-json\/wp\/v2\/product"}],"about":[{"href":"https:\/\/widora.it\/fr\/wp-json\/wp\/v2\/types\/product"}],"wp:featuredmedia":[{"embeddable":true,"href":"https:\/\/widora.it\/fr\/wp-json\/wp\/v2\/media\/21122"}],"wp:attachment":[{"href":"https:\/\/widora.it\/fr\/wp-json\/wp\/v2\/media?parent=20235"}],"wp:term":[{"taxonomy":"product_brand","embeddable":true,"href":"https:\/\/widora.it\/fr\/wp-json\/wp\/v2\/product_brand?post=20235"},{"taxonomy":"product_cat","embeddable":true,"href":"https:\/\/widora.it\/fr\/wp-json\/wp\/v2\/product_cat?post=20235"},{"taxonomy":"product_tag","embeddable":true,"href":"https:\/\/widora.it\/fr\/wp-json\/wp\/v2\/product_tag?post=20235"}],"curies":[{"name":"wp","href":"https:\/\/api.w.org\/{rel}","templated":true}]}}