{"id":20229,"date":"2022-08-14T15:50:00","date_gmt":"2022-08-14T14:50:00","guid":{"rendered":"https:\/\/widora.it\/prodotto\/blue-dragon-2g\/"},"modified":"2022-08-14T15:50:00","modified_gmt":"2022-08-14T14:50:00","slug":"blue-dragon-2g","status":"publish","type":"product","link":"https:\/\/widora.it\/fr\/prodotto\/blue-dragon-2g\/","title":{"rendered":"Blue Dragon &#8211; 2g"},"content":{"rendered":"<p><em>\u201cR\u00e9veille le Dragon en Toi\u201d<\/em><\/p>\n<p>Blue Dragon CBD est une vari\u00e9t\u00e9 de cannabis p\u00e2le caract\u00e9ris\u00e9e par des bourgeons vert fonc\u00e9 avec de l\u00e9g\u00e8res teintes pourpres. Les bourgeons sont denses et volumineux. Cette souche aide \u00e9galement \u00e0 combattre les rhumatismes et est parfaite pour ceux qui souffrent de douleurs du SPM. Il sent des parfums de baies sucr\u00e9es qui se retrouvent \u00e9galement dans le go\u00fbt, avec des bleuets \u00e9tant plus pr\u00e9dominant.<\/p>\n<p><strong>Origine de la souche de THC:<\/strong><br \/>\nLa souche originale de THC est n\u00e9e en Californie du croisement de deux souches classiques, Blueberry indica et Sour Diesel sativa. Ces deux vari\u00e9t\u00e9s \u00ab\u00a0m\u00e8res\u00a0\u00bb influencent la saveur et l\u2019amour du Dragon bleu clair de cannabis, caract\u00e9ris\u00e9 par un go\u00fbt aigre-doux.<\/p>\n","protected":false},"excerpt":{"rendered":"<p>\u201cR\u00e9veille le Dragon en Toi\u201d Blue Dragon CBD est une  [&#8230;]<\/p>\n","protected":false},"featured_media":21102,"template":"","meta":{"_acf_changed":false},"product_brand":[],"product_cat":[95,89],"product_tag":[],"class_list":{"0":"post-20229","1":"product","2":"type-product","3":"status-publish","4":"has-post-thumbnail","6":"product_cat-best-sellers","7":"product_cat-cannabis-light-fr","9":"first","10":"instock","11":"taxable","12":"shipping-taxable","13":"product-type-variable"},"acf":{"tipo_set":"2"},"_links":{"self":[{"href":"https:\/\/widora.it\/fr\/wp-json\/wp\/v2\/product\/20229","targetHints":{"allow":["GET"]}}],"collection":[{"href":"https:\/\/widora.it\/fr\/wp-json\/wp\/v2\/product"}],"about":[{"href":"https:\/\/widora.it\/fr\/wp-json\/wp\/v2\/types\/product"}],"wp:featuredmedia":[{"embeddable":true,"href":"https:\/\/widora.it\/fr\/wp-json\/wp\/v2\/media\/21102"}],"wp:attachment":[{"href":"https:\/\/widora.it\/fr\/wp-json\/wp\/v2\/media?parent=20229"}],"wp:term":[{"taxonomy":"product_brand","embeddable":true,"href":"https:\/\/widora.it\/fr\/wp-json\/wp\/v2\/product_brand?post=20229"},{"taxonomy":"product_cat","embeddable":true,"href":"https:\/\/widora.it\/fr\/wp-json\/wp\/v2\/product_cat?post=20229"},{"taxonomy":"product_tag","embeddable":true,"href":"https:\/\/widora.it\/fr\/wp-json\/wp\/v2\/product_tag?post=20229"}],"curies":[{"name":"wp","href":"https:\/\/api.w.org\/{rel}","templated":true}]}}