{"id":20223,"date":"2022-08-14T15:34:51","date_gmt":"2022-08-14T14:34:51","guid":{"rendered":"https:\/\/widora.it\/prodotto\/amnesia-2g\/"},"modified":"2022-08-14T15:34:51","modified_gmt":"2022-08-14T14:34:51","slug":"amnesia-2g","status":"publish","type":"product","link":"https:\/\/widora.it\/fr\/prodotto\/amnesia-2g\/","title":{"rendered":"Amnesia &#8211; 2g"},"content":{"rendered":"<p><em>\u201cParfum puissant qui vous laissera sans soucis\u201d<\/em><\/p>\n<p>L\u2019Amnesia CBD est connue pour son effet \u00e9nergisant, typique des Sativas. Utile pour ceux qui cherchent \u00e0 combattre les changements d\u2019humeur et le stress. Il a un parfum piquant, d\u2019agrumes avec de l\u00e9g\u00e8res nuances florales. Le go\u00fbt est terreux avec des notes citronn\u00e9es<\/p>\n<p><strong>Origine de la souche au THC:<\/strong><br \/>\nL\u2019Amnesia est un Cannabis light sativa dont la g\u00e9n\u00e9tique est probablement n\u00e9e en Asie du Sud, depuis les temps anciens. Cette vari\u00e9t\u00e9 a gagn\u00e9 beaucoup d\u2019esprits (et de c\u0153urs !) au fil des ans, remportant plusieurs fois la Cannabis Cup (premi\u00e8re place en 2004 et 2021) devenant la vari\u00e9t\u00e9 la plus r\u00e9pandue dans les coffee shops d\u2019Amsterdam.<\/p>\n","protected":false},"excerpt":{"rendered":"<p>\u201cParfum puissant qui vous laissera sans soucis\u201d L\u2019Amnesia CBD est  [&#8230;]<\/p>\n","protected":false},"featured_media":21110,"template":"","meta":{"_acf_changed":false},"product_brand":[],"product_cat":[95,89],"product_tag":[],"class_list":{"0":"post-20223","1":"product","2":"type-product","3":"status-publish","4":"has-post-thumbnail","6":"product_cat-best-sellers","7":"product_cat-cannabis-light-fr","9":"first","10":"instock","11":"taxable","12":"shipping-taxable","13":"product-type-variable"},"acf":{"tipo_set":"2"},"_links":{"self":[{"href":"https:\/\/widora.it\/fr\/wp-json\/wp\/v2\/product\/20223","targetHints":{"allow":["GET"]}}],"collection":[{"href":"https:\/\/widora.it\/fr\/wp-json\/wp\/v2\/product"}],"about":[{"href":"https:\/\/widora.it\/fr\/wp-json\/wp\/v2\/types\/product"}],"wp:featuredmedia":[{"embeddable":true,"href":"https:\/\/widora.it\/fr\/wp-json\/wp\/v2\/media\/21110"}],"wp:attachment":[{"href":"https:\/\/widora.it\/fr\/wp-json\/wp\/v2\/media?parent=20223"}],"wp:term":[{"taxonomy":"product_brand","embeddable":true,"href":"https:\/\/widora.it\/fr\/wp-json\/wp\/v2\/product_brand?post=20223"},{"taxonomy":"product_cat","embeddable":true,"href":"https:\/\/widora.it\/fr\/wp-json\/wp\/v2\/product_cat?post=20223"},{"taxonomy":"product_tag","embeddable":true,"href":"https:\/\/widora.it\/fr\/wp-json\/wp\/v2\/product_tag?post=20223"}],"curies":[{"name":"wp","href":"https:\/\/api.w.org\/{rel}","templated":true}]}}