{"id":21158,"date":"2024-06-11T19:34:28","date_gmt":"2024-06-11T18:34:28","guid":{"rendered":"https:\/\/widora.it\/?post_type=product&#038;p=21158"},"modified":"2024-06-11T19:34:39","modified_gmt":"2024-06-11T18:34:39","slug":"bubble-gum-2g","status":"publish","type":"product","link":"https:\/\/widora.it\/es\/prodotto\/bubble-gum-2g\/","title":{"rendered":"Bubble Gum &#8211; 2g"},"content":{"rendered":"<p><em>\u00abDespierta tu dulzura interior\u00bb<\/em><\/p>\n<p>Bubble Gum CBD es una variedad de cannabis legal que se caracteriza por sus cogollos de color verde brillante cubiertos de una generosa cantidad de tricomas brillantes. Esta cepa ofrece un alivio calmante para aquellos que buscan un momento de relajaci\u00f3n sin comprometer la claridad mental. Su aroma dulce y afrutado, con notas de fresa y caramelo, se mezcla armoniosamente con su sabor suave y redondeado, ofreciendo una experiencia gustativa verdaderamente \u00fanica..<\/p>\n<p><strong>Origen de la variedad CBD:<\/strong><br \/>\nBubble Gum CBD procede de una h\u00e1bil mezcla de variedades seleccionadas, con el objetivo de crear un equilibrio perfecto entre dulzor y relajaci\u00f3n. El cruce de variedades cl\u00e1sicas ha dado lugar a una combinaci\u00f3n \u00fanica de perfiles de sabor y beneficios para la salud, que ofrece un alivio natural y placentero.<\/p>\n<p>Descubre la dulzura de Bubble Gum CBD y d\u00e9jate envolver por una experiencia relajante y satisfactoria, perfecta para reconectar con tu dulzura interior.<\/p>\n","protected":false},"excerpt":{"rendered":"<p>\u00abDespierta tu dulzura interior\u00bb Bubble Gum CBD es una variedad  [&#8230;]<\/p>\n","protected":false},"featured_media":21147,"template":"","meta":{"_acf_changed":false},"product_brand":[],"product_cat":[104],"product_tag":[],"class_list":{"0":"post-21158","1":"product","2":"type-product","3":"status-publish","4":"has-post-thumbnail","6":"product_cat-cannabis-light-es","8":"first","9":"instock","10":"taxable","11":"shipping-taxable","12":"product-type-variable"},"acf":{"tipo_set":"2"},"_links":{"self":[{"href":"https:\/\/widora.it\/es\/wp-json\/wp\/v2\/product\/21158","targetHints":{"allow":["GET"]}}],"collection":[{"href":"https:\/\/widora.it\/es\/wp-json\/wp\/v2\/product"}],"about":[{"href":"https:\/\/widora.it\/es\/wp-json\/wp\/v2\/types\/product"}],"wp:featuredmedia":[{"embeddable":true,"href":"https:\/\/widora.it\/es\/wp-json\/wp\/v2\/media\/21147"}],"wp:attachment":[{"href":"https:\/\/widora.it\/es\/wp-json\/wp\/v2\/media?parent=21158"}],"wp:term":[{"taxonomy":"product_brand","embeddable":true,"href":"https:\/\/widora.it\/es\/wp-json\/wp\/v2\/product_brand?post=21158"},{"taxonomy":"product_cat","embeddable":true,"href":"https:\/\/widora.it\/es\/wp-json\/wp\/v2\/product_cat?post=21158"},{"taxonomy":"product_tag","embeddable":true,"href":"https:\/\/widora.it\/es\/wp-json\/wp\/v2\/product_tag?post=21158"}],"curies":[{"name":"wp","href":"https:\/\/api.w.org\/{rel}","templated":true}]}}