{"id":21066,"date":"2024-05-15T09:16:05","date_gmt":"2024-05-15T08:16:05","guid":{"rendered":"https:\/\/widora.it\/?post_type=product&#038;p=21066"},"modified":"2024-06-11T19:54:55","modified_gmt":"2024-06-11T18:54:55","slug":"set-5-hierbas-cbd-10g","status":"publish","type":"product","link":"https:\/\/widora.it\/es\/prodotto\/set-5-hierbas-cbd-10g\/","title":{"rendered":"Set 5 Hierbas CBD &#8211; 10g"},"content":{"rendered":"<p>Set completo de la selecci\u00f3n de hierbas CBD de Widora, en su interior encontrar\u00e1s 1 bolsa de las siguientes variedades: Bubble Gum (invernadero), Amnesia (invernadero), Blue Dragon (invernadero), Cannatonic (interior) y Gelato (interior).<\/p>\n<p>Un conjunto dise\u00f1ado para pros, que no s\u00f3lo quiere probar todos nuestros m\u00e9todos de cultivo, sino para obtener una visi\u00f3n completa de nuestra selecci\u00f3n de Cannabis light.<\/p>\n<p><strong>Las variedades del conjunto:<\/strong><\/p>\n<p><strong>Bubble Gum<\/strong>: Se caracteriza por un aroma dulce y afrutado que recuerda al chicle. El sabor es dulce y agradable, con ligeras notas de bayas y frutas. Es conocida por sus efectos calmantes y relajantes, perfectos para quienes buscan aliviar la ansiedad y el estr\u00e9s.<\/p>\n<p><strong>Amnesia<\/strong>: tiene un efecto energizante, t\u00edpico de las Sativas. \u00datil para combatir los cambios de humor y el estr\u00e9s. Tiene una fragancia picante y c\u00edtrica con ligeros matices florales. El sabor es terroso con toques de lim\u00f3n.<\/p>\n<p><strong>Blue Dragon<\/strong>: es una variedad que ayuda a combatir el reumatismo y es perfecta para quienes sufren dolores premenstruales. Huele a bayas dulces y ar\u00e1ndano, fragancias que tambi\u00e9n se encuentran en el sabor, que es dulce y donde predomina el ar\u00e1ndano.<\/p>\n<p><strong>Cannatonic<\/strong>: tiene un fuerte efecto relajante, se recomienda para quienes sufren estr\u00e9s, dolores de cabeza y tambi\u00e9n ayuda a quienes padecen espasmos y\/o dolores musculares. El olor es ligeramente terroso y el sabor es dulce, algo c\u00edtrico, con algunas notas afrutadas.<\/p>\n<p><strong>Gelato<\/strong>: es la cepa perfecta para aquellos que buscan relajarse, cultivada en interior para resaltar el sabor y olor c\u00edtrico a lim\u00f3n, t\u00edpico de esta variedad.<\/p>\n<p>Las bolsitas son de 2gr.<\/p>\n","protected":false},"excerpt":{"rendered":"<p>Set completo de la selecci\u00f3n de hierbas CBD de Widora,  [&#8230;]<\/p>\n","protected":false},"featured_media":21173,"template":"","meta":{"_acf_changed":false},"product_brand":[],"product_cat":[105,104,106],"product_tag":[],"class_list":{"0":"post-21066","1":"product","2":"type-product","3":"status-publish","4":"has-post-thumbnail","6":"product_cat-best-sellers-es","7":"product_cat-cannabis-light-es","8":"product_cat-paquetes-de-ahorro","10":"first","11":"instock","12":"sold-individually","13":"taxable","14":"shipping-taxable","15":"product-type-variable"},"acf":{"tipo_set":"10"},"_links":{"self":[{"href":"https:\/\/widora.it\/es\/wp-json\/wp\/v2\/product\/21066","targetHints":{"allow":["GET"]}}],"collection":[{"href":"https:\/\/widora.it\/es\/wp-json\/wp\/v2\/product"}],"about":[{"href":"https:\/\/widora.it\/es\/wp-json\/wp\/v2\/types\/product"}],"wp:featuredmedia":[{"embeddable":true,"href":"https:\/\/widora.it\/es\/wp-json\/wp\/v2\/media\/21173"}],"wp:attachment":[{"href":"https:\/\/widora.it\/es\/wp-json\/wp\/v2\/media?parent=21066"}],"wp:term":[{"taxonomy":"product_brand","embeddable":true,"href":"https:\/\/widora.it\/es\/wp-json\/wp\/v2\/product_brand?post=21066"},{"taxonomy":"product_cat","embeddable":true,"href":"https:\/\/widora.it\/es\/wp-json\/wp\/v2\/product_cat?post=21066"},{"taxonomy":"product_tag","embeddable":true,"href":"https:\/\/widora.it\/es\/wp-json\/wp\/v2\/product_tag?post=21066"}],"curies":[{"name":"wp","href":"https:\/\/api.w.org\/{rel}","templated":true}]}}