{"id":20445,"date":"2022-08-14T15:34:51","date_gmt":"2022-08-14T14:34:51","guid":{"rendered":"https:\/\/widora.it\/prodotto\/amnesia-2g\/"},"modified":"2022-08-14T15:34:51","modified_gmt":"2022-08-14T14:34:51","slug":"amnesia-2g","status":"publish","type":"product","link":"https:\/\/widora.it\/es\/prodotto\/amnesia-2g\/","title":{"rendered":"Amnesia &#8211; 2g"},"content":{"rendered":"<p><em>\u201cPoderosa fragancia que te dejar\u00e1 sin pensamientos\u201d<\/em><\/p>\n<p>Amnesia CBD es conocida por su efecto energizante, t\u00edpico de las Sativas. \u00datil para aquellos que buscan combatir los cambios de humor y el estr\u00e9s. Tiene una fragancia picante y c\u00edtrica con ligeros matices florales. Su sabor es terroso con toques de lim\u00f3n..<\/p>\n<p><strong>Origen de la cepa con THC:<\/strong><br \/>\nLa Amnesia es una sativa ligera de Cannabis cuya gen\u00e9tica probablemente se origin\u00f3 en el sur de Asia desde la antig\u00fcedad. Esta variedad ha conquistado muchas mentes (\u00a1y corazones!) a lo largo de los a\u00f1os, ganando la Cannabis Cup en varias ocasiones (primer puesto tanto en 2004 como en 2021) y convirti\u00e9ndose en la variedad m\u00e1s popular en los coffee shops de \u00c1msterdam.<\/p>\n","protected":false},"excerpt":{"rendered":"<p>\u201cPoderosa fragancia que te dejar\u00e1 sin pensamientos\u201d Amnesia CBD es  [&#8230;]<\/p>\n","protected":false},"featured_media":21111,"template":"","meta":{"_acf_changed":false},"product_brand":[],"product_cat":[105,104],"product_tag":[],"class_list":{"0":"post-20445","1":"product","2":"type-product","3":"status-publish","4":"has-post-thumbnail","6":"product_cat-best-sellers-es","7":"product_cat-cannabis-light-es","9":"first","10":"instock","11":"taxable","12":"shipping-taxable","13":"product-type-variable"},"acf":{"tipo_set":"2"},"_links":{"self":[{"href":"https:\/\/widora.it\/es\/wp-json\/wp\/v2\/product\/20445","targetHints":{"allow":["GET"]}}],"collection":[{"href":"https:\/\/widora.it\/es\/wp-json\/wp\/v2\/product"}],"about":[{"href":"https:\/\/widora.it\/es\/wp-json\/wp\/v2\/types\/product"}],"wp:featuredmedia":[{"embeddable":true,"href":"https:\/\/widora.it\/es\/wp-json\/wp\/v2\/media\/21111"}],"wp:attachment":[{"href":"https:\/\/widora.it\/es\/wp-json\/wp\/v2\/media?parent=20445"}],"wp:term":[{"taxonomy":"product_brand","embeddable":true,"href":"https:\/\/widora.it\/es\/wp-json\/wp\/v2\/product_brand?post=20445"},{"taxonomy":"product_cat","embeddable":true,"href":"https:\/\/widora.it\/es\/wp-json\/wp\/v2\/product_cat?post=20445"},{"taxonomy":"product_tag","embeddable":true,"href":"https:\/\/widora.it\/es\/wp-json\/wp\/v2\/product_tag?post=20445"}],"curies":[{"name":"wp","href":"https:\/\/api.w.org\/{rel}","templated":true}]}}